{"id":649,"date":"2019-05-07T14:39:19","date_gmt":"2019-05-07T14:39:19","guid":{"rendered":"http:\/\/integrio.wgl-demo.net\/?page_id=649"},"modified":"2023-01-24T16:58:54","modified_gmt":"2023-01-24T15:58:54","slug":"about-us","status":"publish","type":"page","link":"https:\/\/ddsmedicalsenegal.com\/index.php\/about-us\/","title":{"rendered":"About Us"},"content":{"rendered":"<section class=\"wpb-content-wrapper\">[vc_row full_width=&#8221;stretch_row_content_no_spaces&#8221; equal_height=&#8221;yes&#8221; content_placement=&#8221;middle&#8221; add_extended=&#8221;true&#8221; values=&#8221;%5B%7B%22extended_animation%22%3A%22parallax%22%2C%22figure_color%22%3A%22%23ffffff%22%2C%22drop_colors%22%3A%22one_color%22%2C%22part_color%22%3A%22%23ff7e00%22%2C%22part_color_1%22%3A%22%23ff7e00%22%2C%22part_color_2%22%3A%22%233224e9%22%2C%22part_color_3%22%3A%22%2369e9f2%22%2C%22extended_animation_pos_vertical%22%3A%2250%22%2C%22extended_animation_pos_horizont%22%3A%2250%22%2C%22sphere_width%22%3A%22100%22%2C%22particles_number%22%3A%2250%22%2C%22particles_size%22%3A%2210%22%2C%22particles_speed%22%3A%222%22%2C%22hover_anim%22%3A%22grab%22%2C%22image_bg%22%3A%22685%22%2C%22parallax_dir%22%3A%22vertical%22%2C%22parallax_factor%22%3A%220%22%2C%22morph_style%22%3A%22style_1%22%2C%22morph_speed%22%3A%2210%22%2C%22morph_color%22%3A%22%23f8f7f6%22%2C%22morph_rotation%22%3A%220%22%2C%22particles_position_top%22%3A%220%22%2C%22particles_position_left%22%3A%220%22%2C%22particles_width%22%3A%22100%22%2C%22particles_height%22%3A%22100%22%2C%22resp_hide%22%3A%22768%22%7D%5D&#8221; css=&#8221;.vc_custom_1672834626786{margin-top: -100px !important;}&#8221;][vc_column col_pos_horizont=&#8221;-2&#8243; col_pos_vertical=&#8221;101&#8243; css=&#8221;.vc_custom_1557321536455{background: #2d2d2d url(https:\/\/ddsmedicalsenegal.com\/wp-content\/uploads\/2019\/05\/shapes_2.png?id=685) !important;background-position: 0 0 !important;background-repeat: no-repeat !important;}&#8221; offset=&#8221;vc_col-lg-offset-0 vc_col-lg-6&#8243;][vc_row_inner][vc_column_inner offset=&#8221;vc_col-lg-2\/5 vc_col-md-1&#8243;][\/vc_column_inner][vc_column_inner offset=&#8221;vc_col-lg-6 vc_col-md-10&#8243;][wgl_spacing spacer_size=&#8221;85px&#8221; screen_desktops=&#8221;1200&#8243; responsive_desktop=&#8221;true&#8221; size_desktops=&#8221;45&#8243;][wgl_double_headings squares_color=&#8221;#393939&#8243; title_size=&#8221;36px&#8221; title_weight=&#8221;900&#8243; title_color=&#8221;#ffffff&#8221; subtitle_line_height=&#8221;30px&#8221; subtitle_color=&#8221;#ffffff&#8221; add_squares=&#8221;true&#8221; custom_title_color=&#8221;true&#8221; subtitle=&#8221;A propos de nous&#8221; custom_subtitle_color=&#8221;true&#8221; responsive_font=&#8221;true&#8221; font_size_tablet=&#8221;38&#8243; font_size_mobile=&#8221;34&#8243;]L&#8217;entreprise[\/wgl_double_headings][wgl_spacing spacer_size=&#8221;18px&#8221;][wgl_spacing spacer_size=&#8221;27px&#8221;][vc_toggle title=&#8221;Notre histoire&#8221; style=&#8221;dark&#8221; color=&#8221;arrow&#8221; size=&#8221;right&#8221; open=&#8221;true&#8221;]<span style=\"color: #ffffff;\">Nous avons d\u00e9marr\u00e9 en tant que petite entreprise en Octobre 2009, \u00e0 la rue 1 \u00e0 la m\u00e9dina et nous n&#8217;avons cess\u00e9 depuis de fournir \u00e0 nos clients des produits qui les rendent heureux, \u00e0 des prix qui les rendent encore plus heureux.<\/span>[\/vc_toggle][vc_toggle title=&#8221;Qui sommes nous?&#8221; style=&#8221;dark&#8221; color=&#8221;arrow&#8221; size=&#8221;right&#8221;]<span style=\"color: #ffffff;\">Leader dans son domaine, DDS M\u00e9dical, est sp\u00e9cialis\u00e9e dans la distribution, et la fourniture de mat\u00e9riels et consommables m\u00e9dicaux. La Soci\u00e9t\u00e9 contribue \u00e0 la modernisation des structures sanitaires avec l&#8217;expertise de partenaires de renomm\u00e9e internationale.<\/span><\/p>\n<p><span style=\"color: #ffffff;\">Dans sa strat\u00e9gie de d\u00e9veloppement DDS M\u00e9dical. a mis en place, une strat\u00e9gie de livraison sur tout le territoire S\u00e9n\u00e9galais 12 mois\/12<\/span>[\/vc_toggle][wgl_spacing spacer_size=&#8221;121px&#8221;][\/vc_column_inner][\/vc_row_inner][\/vc_column][vc_column offset=&#8221;vc_col-lg-6&#8243;][wgl_spacing spacer_size=&#8221;0px&#8221; screen_desktops=&#8221;1200&#8243; responsive_desktop=&#8221;true&#8221; size_desktops=&#8221;0&#8243;][wgl_video_popup css_animation=&#8221;bounceIn&#8221; triangle_color=&#8221;#0c5adb&#8221; bg_color_type=&#8221;color&#8221; border_color=&#8221;#ffffff&#8221; background_color=&#8221;#ffffff&#8221; animation_style=&#8221;animation_circles&#8221; animation_color=&#8221;#ffffff&#8221; bg_image=&#8221;2236&#8243; always_run_animation=&#8221;true&#8221; link=&#8221;https:\/\/ddsmedicalsenegal.com\/wp-content\/uploads\/2023\/01\/bee85c4a-70c1-4770-b9fa-48c676a8dcff.mp4&#8243;][wgl_spacing spacer_size=&#8221;0px&#8221; screen_desktops=&#8221;1200&#8243; responsive_desktop=&#8221;true&#8221; size_desktops=&#8221;0&#8243;][\/vc_column][\/vc_row][vc_row][vc_column offset=&#8221;vc_col-lg-offset-2 vc_col-lg-8 vc_col-md-offset-1 vc_col-md-10&#8243; css=&#8221;.vc_custom_1556968239219{padding-right: 10px !important;padding-left: 10px !important;}&#8221;][wgl_spacing spacer_size=&#8221;110px&#8221;][wgl_double_headings squares_color=&#8221;#f6f6f6&#8243; align=&#8221;center&#8221; title_weight=&#8221;900&#8243; title_color=&#8221;#232323&#8243; subtitle_line_height=&#8221;30px&#8221; add_squares=&#8221;true&#8221; custom_title_color=&#8221;true&#8221; subtitle=&#8221;NOUS \u00c9TABLISSONS DES CONNEXIONS&#8221; responsive_font=&#8221;true&#8221; font_size_tablet=&#8221;38&#8243; font_size_mobile=&#8221;34&#8243;]Notre Equipe[\/wgl_double_headings][wgl_spacing spacer_size=&#8221;21px&#8221;][vc_column_text]\n<p style=\"text-align: center; letter-spacing: -0.15px;\"><b style=\"letter-spacing: -0.15px;\">Une <\/b><span style=\"letter-spacing: -0.15px;\"><b>\u00e9quipe<\/b><\/span><b style=\"letter-spacing: -0.15px;\"> pas comme les autres<\/b><\/p>\n[\/vc_column_text][wgl_spacing spacer_size=&#8221;30px&#8221;][\/vc_column][\/vc_row][vc_row full_width=&#8221;stretch_row_content_no_spaces&#8221;][vc_column css=&#8221;.vc_custom_1557301908062{padding-right: 0px !important;}&#8221;]\n\t\t<div  class=\"wgl_module_team team-col_5 acenter\">\n\t\t\t<div class=\"team-items_wrap\"  style=\"margin-right:-15px; margin-left:-15px;\" >\n\t\t\t\t[wgl_carousel slide_to_show=\"5\" autoplay=\"\" autoplay_speed=\"3000\" use_pagination=\"true\" pag_type=\"line\" pag_offset=\"20\" custom_pag_color=\"true\" pag_color=\"#232323\" use_prev_next=\"\" custom_prev_next_color=\"\" prev_next_color=\"#0c5adb\" custom_resp=\"true\" resp_medium=\"1200\" resp_medium_slides=\"4\" resp_tablets=\"767\" resp_tablets_slides=\"2\" resp_mobile=\"460\" resp_mobile_slides=\"1\" infinite=\"true\" slides_to_scroll=\"\" center_mode=\"true\" ]<div class=\"team-item wpb_animate_when_almost_visible wpb_bounceInDown bounceInDown\" style=\"padding-right:15px; padding-left:15px; padding-bottom:30px;\"><div class=\"team-item_wrap\"><div class=\"team-item_content\"><div class=\"team-image\"><img src=\"https:\/\/ddsmedicalsenegal.com\/wp-content\/uploads\/2019\/05\/member_page-0001-2-364x470.jpeg\" alt=\"\" \/><div class=\"team-info_icons\"><a href=\"#\" class=\"team-icon fa fa-twitter\"><\/a><a href=\"#\" class=\"team-icon fa fa-facebook\"><\/a><a href=\"#\" class=\"team-icon fa fa-linkedin\"><\/a><a href=\"#\" class=\"team-icon fa fa-instagram\"><\/a><\/div><\/div><\/div><div class=\"team-item_info\"><div class=\"team-item_titles\"><h2 class=\"team-title\"><a href=\"https:\/\/ddsmedicalsenegal.com\/index.php\/team\/olivia-olson\/\">Membre 1<\/a><\/h2><div class=\"team-department\">Chef comptable<\/div><\/div><\/div><\/div><\/div><div class=\"team-item wpb_animate_when_almost_visible wpb_bounceInDown bounceInDown\" style=\"padding-right:15px; padding-left:15px; padding-bottom:30px;\"><div class=\"team-item_wrap\"><div class=\"team-item_content\"><div class=\"team-image\"><img src=\"https:\/\/ddsmedicalsenegal.com\/wp-content\/uploads\/2019\/05\/member_page-0001-2-364x470.jpeg\" alt=\"\" \/><div class=\"team-info_icons\"><a href=\"#\" class=\"team-icon fa fa-twitter\"><\/a><a href=\"#\" class=\"team-icon fa fa-facebook\"><\/a><a href=\"#\" class=\"team-icon fa fa-linkedin\"><\/a><a href=\"#\" class=\"team-icon fa fa-instagram\"><\/a><\/div><\/div><\/div><div class=\"team-item_info\"><div class=\"team-item_titles\"><h2 class=\"team-title\"><a href=\"https:\/\/ddsmedicalsenegal.com\/index.php\/team\/james-taylor\/\">Membre 2<\/a><\/h2><div class=\"team-department\">Chief operating Officer<\/div><\/div><\/div><\/div><\/div><div class=\"team-item wpb_animate_when_almost_visible wpb_bounceInDown bounceInDown\" style=\"padding-right:15px; padding-left:15px; padding-bottom:30px;\"><div class=\"team-item_wrap\"><div class=\"team-item_content\"><div class=\"team-image\"><img src=\"https:\/\/ddsmedicalsenegal.com\/wp-content\/uploads\/2019\/05\/member_page-0001-2-364x470.jpeg\" alt=\"\" \/><div class=\"team-info_icons\"><a href=\"#\" class=\"team-icon fa fa-twitter\"><\/a><a href=\"#\" class=\"team-icon fa fa-facebook\"><\/a><a href=\"#\" class=\"team-icon fa fa-linkedin\"><\/a><a href=\"#\" class=\"team-icon fa fa-instagram\"><\/a><\/div><\/div><\/div><div class=\"team-item_info\"><div class=\"team-item_titles\"><h2 class=\"team-title\"><a href=\"https:\/\/ddsmedicalsenegal.com\/index.php\/team\/chriss-moore\/\">Membre 3<\/a><\/h2><div class=\"team-department\"> Chief Executive Officer<\/div><\/div><\/div><\/div><\/div>[\/wgl_carousel]\t\t\t<\/div>\n\t\t<\/div>\n\n\t\t[\/vc_column][\/vc_row]\n<\/section>","protected":false},"excerpt":{"rendered":"<p>[vc_row full_width=&#8221;stretch_row_content_no_spaces&#8221; equal_height=&#8221;yes&#8221; content_placement=&#8221;middle&#8221; add_extended=&#8221;true&#8221; values=&#8221;%5B%7B%22extended_animation%22%3A%22parallax%22%2C%22figure_color%22%3A%22%23ffffff%22%2C%22drop_colors%22%3A%22one_color%22%2C%22part_color%22%3A%22%23ff7e00%22%2C%22part_color_1%22%3A%22%23ff7e00%22%2C%22part_color_2%22%3A%22%233224e9%22%2C%22part_color_3%22%3A%22%2369e9f2%22%2C%22extended_animation_pos_vertical%22%3A%2250%22%2C%22extended_animation_pos_horizont%22%3A%2250%22%2C%22sphere_width%22%3A%22100%22%2C%22particles_number%22%3A%2250%22%2C%22particles_size%22%3A%2210%22%2C%22particles_speed%22%3A%222%22%2C%22hover_anim%22%3A%22grab%22%2C%22image_bg%22%3A%22685%22%2C%22parallax_dir%22%3A%22vertical%22%2C%22parallax_factor%22%3A%220%22%2C%22morph_style%22%3A%22style_1%22%2C%22morph_speed%22%3A%2210%22%2C%22morph_color%22%3A%22%23f8f7f6%22%2C%22morph_rotation%22%3A%220%22%2C%22particles_position_top%22%3A%220%22%2C%22particles_position_left%22%3A%220%22%2C%22particles_width%22%3A%22100%22%2C%22particles_height%22%3A%22100%22%2C%22resp_hide%22%3A%22768%22%7D%5D&#8221; css=&#8221;.vc_custom_1672834626786{margin-top: -100px !important;}&#8221;][vc_column col_pos_horizont=&#8221;-2&#8243; col_pos_vertical=&#8221;101&#8243; css=&#8221;.vc_custom_1557321536455{background: #2d2d2d url(https:\/\/ddsmedicalsenegal.com\/wp-content\/uploads\/2019\/05\/shapes_2.png?id=685) !important;background-position: 0 0 !important;background-repeat: no-repeat !important;}&#8221; offset=&#8221;vc_col-lg-offset-0 vc_col-lg-6&#8243;][vc_row_inner][vc_column_inner offset=&#8221;vc_col-lg-2\/5 vc_col-md-1&#8243;][\/vc_column_inner][vc_column_inner offset=&#8221;vc_col-lg-6 vc_col-md-10&#8243;][wgl_spacing spacer_size=&#8221;85px&#8221; screen_desktops=&#8221;1200&#8243; responsive_desktop=&#8221;true&#8221; size_desktops=&#8221;45&#8243;][wgl_double_headings squares_color=&#8221;#393939&#8243; title_size=&#8221;36px&#8221; title_weight=&#8221;900&#8243; title_color=&#8221;#ffffff&#8221; subtitle_line_height=&#8221;30px&#8221; subtitle_color=&#8221;#ffffff&#8221; add_squares=&#8221;true&#8221; custom_title_color=&#8221;true&#8221; subtitle=&#8221;A propos de nous&#8221; custom_subtitle_color=&#8221;true&#8221; responsive_font=&#8221;true&#8221; font_size_tablet=&#8221;38&#8243; font_size_mobile=&#8221;34&#8243;]L&#8217;entreprise[\/wgl_double_headings][wgl_spacing spacer_size=&#8221;18px&#8221;][wgl_spacing spacer_size=&#8221;27px&#8221;][vc_toggle title=&#8221;Notre histoire&#8221; style=&#8221;dark&#8221; color=&#8221;arrow&#8221; size=&#8221;right&#8221; open=&#8221;true&#8221;]Nous avons [&hellip;]<\/p>\n","protected":false},"author":1,"featured_media":0,"parent":0,"menu_order":0,"comment_status":"closed","ping_status":"closed","template":"","meta":[],"yoast_head":"<!-- This site is optimized with the Yoast SEO plugin v19.14 - https:\/\/yoast.com\/wordpress\/plugins\/seo\/ -->\n<title>About Us - DDS Medical<\/title>\n<meta name=\"robots\" content=\"index, follow, max-snippet:-1, max-image-preview:large, max-video-preview:-1\" \/>\n<link rel=\"canonical\" href=\"https:\/\/ddsmedicalsenegal.com\/index.php\/about-us\/\" \/>\n<meta property=\"og:locale\" content=\"fr_FR\" \/>\n<meta property=\"og:type\" content=\"article\" \/>\n<meta property=\"og:title\" content=\"About Us - DDS Medical\" \/>\n<meta property=\"og:description\" content=\"[vc_row full_width=&#8221;stretch_row_content_no_spaces&#8221; equal_height=&#8221;yes&#8221; content_placement=&#8221;middle&#8221; add_extended=&#8221;true&#8221; values=&#8221;%5B%7B%22extended_animation%22%3A%22parallax%22%2C%22figure_color%22%3A%22%23ffffff%22%2C%22drop_colors%22%3A%22one_color%22%2C%22part_color%22%3A%22%23ff7e00%22%2C%22part_color_1%22%3A%22%23ff7e00%22%2C%22part_color_2%22%3A%22%233224e9%22%2C%22part_color_3%22%3A%22%2369e9f2%22%2C%22extended_animation_pos_vertical%22%3A%2250%22%2C%22extended_animation_pos_horizont%22%3A%2250%22%2C%22sphere_width%22%3A%22100%22%2C%22particles_number%22%3A%2250%22%2C%22particles_size%22%3A%2210%22%2C%22particles_speed%22%3A%222%22%2C%22hover_anim%22%3A%22grab%22%2C%22image_bg%22%3A%22685%22%2C%22parallax_dir%22%3A%22vertical%22%2C%22parallax_factor%22%3A%220%22%2C%22morph_style%22%3A%22style_1%22%2C%22morph_speed%22%3A%2210%22%2C%22morph_color%22%3A%22%23f8f7f6%22%2C%22morph_rotation%22%3A%220%22%2C%22particles_position_top%22%3A%220%22%2C%22particles_position_left%22%3A%220%22%2C%22particles_width%22%3A%22100%22%2C%22particles_height%22%3A%22100%22%2C%22resp_hide%22%3A%22768%22%7D%5D&#8221; css=&#8221;.vc_custom_1672834626786{margin-top: -100px !important;}&#8221;][vc_column col_pos_horizont=&#8221;-2&#8243; col_pos_vertical=&#8221;101&#8243; css=&#8221;.vc_custom_1557321536455{background: #2d2d2d url(https:\/\/ddsmedicalsenegal.com\/wp-content\/uploads\/2019\/05\/shapes_2.png?id=685) !important;background-position: 0 0 !important;background-repeat: no-repeat !important;}&#8221; offset=&#8221;vc_col-lg-offset-0 vc_col-lg-6&#8243;][vc_row_inner][vc_column_inner offset=&#8221;vc_col-lg-2\/5 vc_col-md-1&#8243;][\/vc_column_inner][vc_column_inner offset=&#8221;vc_col-lg-6 vc_col-md-10&#8243;][wgl_spacing spacer_size=&#8221;85px&#8221; screen_desktops=&#8221;1200&#8243; responsive_desktop=&#8221;true&#8221; size_desktops=&#8221;45&#8243;][wgl_double_headings squares_color=&#8221;#393939&#8243; title_size=&#8221;36px&#8221; title_weight=&#8221;900&#8243; title_color=&#8221;#ffffff&#8221; subtitle_line_height=&#8221;30px&#8221; subtitle_color=&#8221;#ffffff&#8221; add_squares=&#8221;true&#8221; custom_title_color=&#8221;true&#8221; subtitle=&#8221;A propos de nous&#8221; custom_subtitle_color=&#8221;true&#8221; responsive_font=&#8221;true&#8221; font_size_tablet=&#8221;38&#8243; font_size_mobile=&#8221;34&#8243;]L&#8217;entreprise[\/wgl_double_headings][wgl_spacing spacer_size=&#8221;18px&#8221;][wgl_spacing spacer_size=&#8221;27px&#8221;][vc_toggle title=&#8221;Notre histoire&#8221; style=&#8221;dark&#8221; color=&#8221;arrow&#8221; size=&#8221;right&#8221; open=&#8221;true&#8221;]Nous avons [&hellip;]\" \/>\n<meta property=\"og:url\" content=\"https:\/\/ddsmedicalsenegal.com\/index.php\/about-us\/\" \/>\n<meta property=\"og:site_name\" content=\"DDS Medical\" \/>\n<meta property=\"article:publisher\" content=\"https:\/\/www.facebook.com\/profile.php?id=100054426762192\" \/>\n<meta property=\"article:modified_time\" content=\"2023-01-24T15:58:54+00:00\" \/>\n<meta name=\"twitter:card\" content=\"summary_large_image\" \/>\n<meta name=\"twitter:label1\" content=\"Dur\u00e9e de lecture estim\u00e9e\" \/>\n\t<meta name=\"twitter:data1\" content=\"2 minutes\" \/>\n<script type=\"application\/ld+json\" class=\"yoast-schema-graph\">{\"@context\":\"https:\/\/schema.org\",\"@graph\":[{\"@type\":\"WebPage\",\"@id\":\"https:\/\/ddsmedicalsenegal.com\/index.php\/about-us\/\",\"url\":\"https:\/\/ddsmedicalsenegal.com\/index.php\/about-us\/\",\"name\":\"About Us - DDS Medical\",\"isPartOf\":{\"@id\":\"https:\/\/ddsmedicalsenegal.com\/#website\"},\"datePublished\":\"2019-05-07T14:39:19+00:00\",\"dateModified\":\"2023-01-24T15:58:54+00:00\",\"breadcrumb\":{\"@id\":\"https:\/\/ddsmedicalsenegal.com\/index.php\/about-us\/#breadcrumb\"},\"inLanguage\":\"fr-FR\",\"potentialAction\":[{\"@type\":\"ReadAction\",\"target\":[\"https:\/\/ddsmedicalsenegal.com\/index.php\/about-us\/\"]}]},{\"@type\":\"BreadcrumbList\",\"@id\":\"https:\/\/ddsmedicalsenegal.com\/index.php\/about-us\/#breadcrumb\",\"itemListElement\":[{\"@type\":\"ListItem\",\"position\":1,\"name\":\"Accueil\",\"item\":\"https:\/\/ddsmedicalsenegal.com\/\"},{\"@type\":\"ListItem\",\"position\":2,\"name\":\"About Us\"}]},{\"@type\":\"WebSite\",\"@id\":\"https:\/\/ddsmedicalsenegal.com\/#website\",\"url\":\"https:\/\/ddsmedicalsenegal.com\/\",\"name\":\"DDS Medical Senegal\",\"description\":\"Commandez vos consommables et mat\u00e9riels m\u00e9dicaux\",\"publisher\":{\"@id\":\"https:\/\/ddsmedicalsenegal.com\/#organization\"},\"potentialAction\":[{\"@type\":\"SearchAction\",\"target\":{\"@type\":\"EntryPoint\",\"urlTemplate\":\"https:\/\/ddsmedicalsenegal.com\/?s={search_term_string}\"},\"query-input\":\"required name=search_term_string\"}],\"inLanguage\":\"fr-FR\"},{\"@type\":\"Organization\",\"@id\":\"https:\/\/ddsmedicalsenegal.com\/#organization\",\"name\":\"DDS Medical Senegal\",\"url\":\"https:\/\/ddsmedicalsenegal.com\/\",\"logo\":{\"@type\":\"ImageObject\",\"inLanguage\":\"fr-FR\",\"@id\":\"https:\/\/ddsmedicalsenegal.com\/#\/schema\/logo\/image\/\",\"url\":\"https:\/\/ddsmedicalsenegal.com\/wp-content\/uploads\/2022\/12\/162033069_241341131023444_6499886760236985806_n.jpeg\",\"contentUrl\":\"https:\/\/ddsmedicalsenegal.com\/wp-content\/uploads\/2022\/12\/162033069_241341131023444_6499886760236985806_n.jpeg\",\"width\":1076,\"height\":236,\"caption\":\"DDS Medical Senegal\"},\"image\":{\"@id\":\"https:\/\/ddsmedicalsenegal.com\/#\/schema\/logo\/image\/\"},\"sameAs\":[\"https:\/\/www.facebook.com\/profile.php?id=100054426762192\"]}]}<\/script>\n<!-- \/ Yoast SEO plugin. -->","yoast_head_json":{"title":"About Us - DDS Medical","robots":{"index":"index","follow":"follow","max-snippet":"max-snippet:-1","max-image-preview":"max-image-preview:large","max-video-preview":"max-video-preview:-1"},"canonical":"https:\/\/ddsmedicalsenegal.com\/index.php\/about-us\/","og_locale":"fr_FR","og_type":"article","og_title":"About Us - DDS Medical","og_description":"[vc_row full_width=&#8221;stretch_row_content_no_spaces&#8221; equal_height=&#8221;yes&#8221; content_placement=&#8221;middle&#8221; add_extended=&#8221;true&#8221; values=&#8221;%5B%7B%22extended_animation%22%3A%22parallax%22%2C%22figure_color%22%3A%22%23ffffff%22%2C%22drop_colors%22%3A%22one_color%22%2C%22part_color%22%3A%22%23ff7e00%22%2C%22part_color_1%22%3A%22%23ff7e00%22%2C%22part_color_2%22%3A%22%233224e9%22%2C%22part_color_3%22%3A%22%2369e9f2%22%2C%22extended_animation_pos_vertical%22%3A%2250%22%2C%22extended_animation_pos_horizont%22%3A%2250%22%2C%22sphere_width%22%3A%22100%22%2C%22particles_number%22%3A%2250%22%2C%22particles_size%22%3A%2210%22%2C%22particles_speed%22%3A%222%22%2C%22hover_anim%22%3A%22grab%22%2C%22image_bg%22%3A%22685%22%2C%22parallax_dir%22%3A%22vertical%22%2C%22parallax_factor%22%3A%220%22%2C%22morph_style%22%3A%22style_1%22%2C%22morph_speed%22%3A%2210%22%2C%22morph_color%22%3A%22%23f8f7f6%22%2C%22morph_rotation%22%3A%220%22%2C%22particles_position_top%22%3A%220%22%2C%22particles_position_left%22%3A%220%22%2C%22particles_width%22%3A%22100%22%2C%22particles_height%22%3A%22100%22%2C%22resp_hide%22%3A%22768%22%7D%5D&#8221; css=&#8221;.vc_custom_1672834626786{margin-top: -100px !important;}&#8221;][vc_column col_pos_horizont=&#8221;-2&#8243; col_pos_vertical=&#8221;101&#8243; css=&#8221;.vc_custom_1557321536455{background: #2d2d2d url(https:\/\/ddsmedicalsenegal.com\/wp-content\/uploads\/2019\/05\/shapes_2.png?id=685) !important;background-position: 0 0 !important;background-repeat: no-repeat !important;}&#8221; offset=&#8221;vc_col-lg-offset-0 vc_col-lg-6&#8243;][vc_row_inner][vc_column_inner offset=&#8221;vc_col-lg-2\/5 vc_col-md-1&#8243;][\/vc_column_inner][vc_column_inner offset=&#8221;vc_col-lg-6 vc_col-md-10&#8243;][wgl_spacing spacer_size=&#8221;85px&#8221; screen_desktops=&#8221;1200&#8243; responsive_desktop=&#8221;true&#8221; size_desktops=&#8221;45&#8243;][wgl_double_headings squares_color=&#8221;#393939&#8243; title_size=&#8221;36px&#8221; title_weight=&#8221;900&#8243; title_color=&#8221;#ffffff&#8221; subtitle_line_height=&#8221;30px&#8221; subtitle_color=&#8221;#ffffff&#8221; add_squares=&#8221;true&#8221; custom_title_color=&#8221;true&#8221; subtitle=&#8221;A propos de nous&#8221; custom_subtitle_color=&#8221;true&#8221; responsive_font=&#8221;true&#8221; font_size_tablet=&#8221;38&#8243; font_size_mobile=&#8221;34&#8243;]L&#8217;entreprise[\/wgl_double_headings][wgl_spacing spacer_size=&#8221;18px&#8221;][wgl_spacing spacer_size=&#8221;27px&#8221;][vc_toggle title=&#8221;Notre histoire&#8221; style=&#8221;dark&#8221; color=&#8221;arrow&#8221; size=&#8221;right&#8221; open=&#8221;true&#8221;]Nous avons [&hellip;]","og_url":"https:\/\/ddsmedicalsenegal.com\/index.php\/about-us\/","og_site_name":"DDS Medical","article_publisher":"https:\/\/www.facebook.com\/profile.php?id=100054426762192","article_modified_time":"2023-01-24T15:58:54+00:00","twitter_card":"summary_large_image","twitter_misc":{"Dur\u00e9e de lecture estim\u00e9e":"2 minutes"},"schema":{"@context":"https:\/\/schema.org","@graph":[{"@type":"WebPage","@id":"https:\/\/ddsmedicalsenegal.com\/index.php\/about-us\/","url":"https:\/\/ddsmedicalsenegal.com\/index.php\/about-us\/","name":"About Us - DDS Medical","isPartOf":{"@id":"https:\/\/ddsmedicalsenegal.com\/#website"},"datePublished":"2019-05-07T14:39:19+00:00","dateModified":"2023-01-24T15:58:54+00:00","breadcrumb":{"@id":"https:\/\/ddsmedicalsenegal.com\/index.php\/about-us\/#breadcrumb"},"inLanguage":"fr-FR","potentialAction":[{"@type":"ReadAction","target":["https:\/\/ddsmedicalsenegal.com\/index.php\/about-us\/"]}]},{"@type":"BreadcrumbList","@id":"https:\/\/ddsmedicalsenegal.com\/index.php\/about-us\/#breadcrumb","itemListElement":[{"@type":"ListItem","position":1,"name":"Accueil","item":"https:\/\/ddsmedicalsenegal.com\/"},{"@type":"ListItem","position":2,"name":"About Us"}]},{"@type":"WebSite","@id":"https:\/\/ddsmedicalsenegal.com\/#website","url":"https:\/\/ddsmedicalsenegal.com\/","name":"DDS Medical Senegal","description":"Commandez vos consommables et mat\u00e9riels m\u00e9dicaux","publisher":{"@id":"https:\/\/ddsmedicalsenegal.com\/#organization"},"potentialAction":[{"@type":"SearchAction","target":{"@type":"EntryPoint","urlTemplate":"https:\/\/ddsmedicalsenegal.com\/?s={search_term_string}"},"query-input":"required name=search_term_string"}],"inLanguage":"fr-FR"},{"@type":"Organization","@id":"https:\/\/ddsmedicalsenegal.com\/#organization","name":"DDS Medical Senegal","url":"https:\/\/ddsmedicalsenegal.com\/","logo":{"@type":"ImageObject","inLanguage":"fr-FR","@id":"https:\/\/ddsmedicalsenegal.com\/#\/schema\/logo\/image\/","url":"https:\/\/ddsmedicalsenegal.com\/wp-content\/uploads\/2022\/12\/162033069_241341131023444_6499886760236985806_n.jpeg","contentUrl":"https:\/\/ddsmedicalsenegal.com\/wp-content\/uploads\/2022\/12\/162033069_241341131023444_6499886760236985806_n.jpeg","width":1076,"height":236,"caption":"DDS Medical Senegal"},"image":{"@id":"https:\/\/ddsmedicalsenegal.com\/#\/schema\/logo\/image\/"},"sameAs":["https:\/\/www.facebook.com\/profile.php?id=100054426762192"]}]}},"_links":{"self":[{"href":"https:\/\/ddsmedicalsenegal.com\/index.php\/wp-json\/wp\/v2\/pages\/649"}],"collection":[{"href":"https:\/\/ddsmedicalsenegal.com\/index.php\/wp-json\/wp\/v2\/pages"}],"about":[{"href":"https:\/\/ddsmedicalsenegal.com\/index.php\/wp-json\/wp\/v2\/types\/page"}],"author":[{"embeddable":true,"href":"https:\/\/ddsmedicalsenegal.com\/index.php\/wp-json\/wp\/v2\/users\/1"}],"replies":[{"embeddable":true,"href":"https:\/\/ddsmedicalsenegal.com\/index.php\/wp-json\/wp\/v2\/comments?post=649"}],"version-history":[{"count":18,"href":"https:\/\/ddsmedicalsenegal.com\/index.php\/wp-json\/wp\/v2\/pages\/649\/revisions"}],"predecessor-version":[{"id":2371,"href":"https:\/\/ddsmedicalsenegal.com\/index.php\/wp-json\/wp\/v2\/pages\/649\/revisions\/2371"}],"wp:attachment":[{"href":"https:\/\/ddsmedicalsenegal.com\/index.php\/wp-json\/wp\/v2\/media?parent=649"}],"curies":[{"name":"wp","href":"https:\/\/api.w.org\/{rel}","templated":true}]}}