{"id":220,"date":"2019-05-04T07:37:34","date_gmt":"2019-05-04T07:37:34","guid":{"rendered":"http:\/\/integrio.wgl-demo.net\/?page_id=220"},"modified":"2023-01-31T14:20:44","modified_gmt":"2023-01-31T13:20:44","slug":"services","status":"publish","type":"page","link":"https:\/\/ddsmedicalsenegal.com\/index.php\/services\/","title":{"rendered":"Services"},"content":{"rendered":"<section class=\"wpb-content-wrapper\">[vc_row content_placement=&#8221;middle&#8221; add_extended=&#8221;true&#8221; values=&#8221;%5B%7B%22extended_animation%22%3A%22parallax%22%2C%22figure_color%22%3A%22%23ffffff%22%2C%22drop_colors%22%3A%22one_color%22%2C%22part_color%22%3A%22%23ff7e00%22%2C%22part_color_1%22%3A%22%23ff7e00%22%2C%22part_color_2%22%3A%22%233224e9%22%2C%22part_color_3%22%3A%22%2369e9f2%22%2C%22extended_animation_pos_vertical%22%3A%2250%22%2C%22extended_animation_pos_horizont%22%3A%2250%22%2C%22sphere_width%22%3A%22100%22%2C%22particles_number%22%3A%2250%22%2C%22particles_size%22%3A%2210%22%2C%22particles_speed%22%3A%222%22%2C%22hover_anim%22%3A%22grab%22%2C%22image_bg%22%3A%22173%22%2C%22parallax_dir%22%3A%22horizontal%22%2C%22parallax_factor%22%3A%220%22%2C%22morph_style%22%3A%22style_1%22%2C%22morph_speed%22%3A%2210%22%2C%22morph_color%22%3A%22%23f8f7f6%22%2C%22morph_rotation%22%3A%220%22%2C%22particles_position_top%22%3A%220%22%2C%22particles_position_left%22%3A%22-4%22%2C%22particles_width%22%3A%22100%22%2C%22particles_height%22%3A%22100%22%2C%22resp_hide%22%3A%22768%22%7D%5D&#8221; css=&#8221;.vc_custom_1556956254592{margin-top: -15px !important;}&#8221;][vc_column offset=&#8221;vc_col-md-6&#8243; css=&#8221;.vc_custom_1556974923572{padding-top: 0px !important;}&#8221;][wgl_spacing spacer_size=&#8221;45px&#8221;][wgl_double_headings squares_color=&#8221;#f6f6f6&#8243; title_color=&#8221;#232323&#8243; subtitle=&#8221;Nos Services&#8221; add_squares=&#8221;true&#8221; responsive_font=&#8221;true&#8221; font_size_tablet=&#8221;38&#8243; font_size_mobile=&#8221;34&#8243;]Notre Particularit\u00e9[\/wgl_double_headings][\/vc_column][vc_column offset=&#8221;vc_col-md-offset-0 vc_col-md-6&#8243;][wgl_spacing spacer_size=&#8221;55px&#8221; screen_desktops=&#8221;991&#8243; responsive_desktop=&#8221;true&#8221; size_desktops=&#8221;15&#8243;][vc_column_text]La qualit\u00e9 de nos produits fait de nous une r\u00e9f\u00e9rence dans le march\u00e9.[\/vc_column_text][\/vc_column][vc_column][wgl_spacing spacer_size=&#8221;49px&#8221;][\/vc_column][\/vc_row][vc_row content_placement=&#8221;middle&#8221;][vc_column width=&#8221;1\/2&#8243; offset=&#8221;vc_col-md-4&#8243;][wgl_services service_anim=&#8221;back_slide&#8221; front_frame_color=&#8221;#e6e6e6&#8243; front_icon_type=&#8221;font&#8221; front_icon_font_type=&#8221;type_flaticon&#8221; icon_flaticon=&#8221;flaticon-quality&#8221; front_icon_color=&#8221;#1128b8&#8243; front_title_color=&#8221;#232323&#8243; front_descr_color=&#8221;#616161&#8243; back_bg_style=&#8221;back_image&#8221; front_title=&#8221;QUALITE&#8221;][wgl_spacing spacer_size=&#8221;30px&#8221;][\/vc_column][vc_column width=&#8221;1\/2&#8243; offset=&#8221;vc_col-md-4&#8243;][wgl_services service_anim=&#8221;back_slide&#8221; anim_dir=&#8221;to_bottom&#8221; front_frame_color=&#8221;#e6e6e6&#8243; front_icon_type=&#8221;font&#8221; front_icon_font_type=&#8221;type_flaticon&#8221; icon_flaticon=&#8221;flaticon-money&#8221; front_icon_color=&#8221;#1128b8&#8243; front_title_color=&#8221;#232323&#8243; front_descr_color=&#8221;#616161&#8243; back_bg_style=&#8221;back_image&#8221; front_title=&#8221;PRIX ABORDABLE&#8221;][wgl_spacing spacer_size=&#8221;30px&#8221;][\/vc_column][vc_column width=&#8221;1\/2&#8243; offset=&#8221;vc_col-md-4&#8243;][wgl_services service_anim=&#8221;back_slide&#8221; anim_dir=&#8221;to_left&#8221; front_frame_color=&#8221;#e6e6e6&#8243; front_icon_type=&#8221;font&#8221; front_icon_font_type=&#8221;type_fontawesome&#8221; icon_fontawesome=&#8221;fas fa-truck&#8221; front_icon_color=&#8221;#1128b8&#8243; front_title_color=&#8221;#232323&#8243; front_descr_color=&#8221;#616161&#8243; back_bg_style=&#8221;back_image&#8221; front_title=&#8221;LIVRAISON&#8221;][wgl_spacing spacer_size=&#8221;30px&#8221;][\/vc_column][vc_column][vc_row_inner][vc_column_inner][wgl_double_headings squares_color=&#8221;#f6f6f6&#8243; align=&#8221;center&#8221; title_color=&#8221;#232323&#8243; subtitle=&#8221;Nos Produits&#8221; add_squares=&#8221;true&#8221; responsive_font=&#8221;true&#8221; font_size_tablet=&#8221;38&#8243; font_size_mobile=&#8221;34&#8243;]Ce que nous Vendons[\/wgl_double_headings][wgl_spacing spacer_size=&#8221;30px&#8221;][\/vc_column_inner][\/vc_row_inner][vc_column_text]\n<p style=\"text-align: center;\"><span style=\"color: #000000;\">Nos produits avec une qualit\u00e9 sup\u00e9rieure et des prix comp\u00e9titifs nous aident \u00e0 gagner les clients innombrables et une bonne r\u00e9putation dans le monde.<\/span><br \/>\n<span style=\"color: #000000;\">Maintenant, notre march\u00e9 de produits s&#8217;\u00e9tend \u00e0 travers tout le S\u00e9n\u00e9gal et bonne bonne partie de l\u2019Afrique de l\u2019Ouest.<\/span><br \/>\n<span style=\"color: #000000;\">DDS m\u00e9dical consid\u00e8re &#8220;Excellente qualit\u00e9, prix raisonnable, service de premier ordre&#8221; comme principe de coop\u00e9ration commerciale et ch\u00e9rit chaque opportunit\u00e9 commerciale.<\/span><br \/>\n<span style=\"color: #000000;\">Nous prenons l&#8217;esprit diligent, professionnel et responsable engag\u00e9 \u00e0 fournir \u00e0 nos clients de bons produits et services.<\/span><br \/>\n<span style=\"color: #000000;\">Les employ\u00e9s de DDS M\u00c9DICAL resteront \u00e0 la pointe de l&#8217;actualit\u00e9 et associeront le d\u00e9veloppement de l&#8217;entreprise \u00e0 l&#8217;am\u00e9lioration de la sant\u00e9 humaine \u00e0 tout moment.<\/span>[\/vc_column_text][wgl_spacing spacer_size=&#8221;30px&#8221;][vc_row_inner][vc_column_inner][vc_gallery type=&#8221;image_grid&#8221; images=&#8221;2331,2332,2333,2334,2335,2336,2337,2338,2339,2340,2341,2342,2343,2344,2345,2346,2347,2348,2349,2350,2351,2352,2353,2354&#8243; onclick=&#8221;img_link_large&#8221; custom_links_target=&#8221;_blank&#8221; css_animation=&#8221;bounceIn&#8221;][\/vc_column_inner][\/vc_row_inner][vc_empty_space][\/vc_column][\/vc_row][vc_row full_width=&#8221;stretch_row_content_no_spaces&#8221; parallax=&#8221;content-moving&#8221; parallax_image=&#8221;2238&#8243;][vc_column css=&#8221;.vc_custom_1556970160939{padding-top: 0px !important;background-image: url(https:\/\/ddsmedicalsenegal.com\/wp-content\/uploads\/2019\/05\/integrio_services_layers_3_1.png?id=290) !important;background-position: center !important;background-repeat: no-repeat !important;background-size: cover !important;}&#8221;][vc_row_inner css=&#8221;.vc_custom_1556970169662{padding-top: 0px !important;background-position: center !important;background-repeat: no-repeat !important;background-size: cover !important;}&#8221;][vc_column_inner css=&#8221;.vc_custom_1556970014965{padding-top: 0px !important;}&#8221;][wgl_spacing spacer_size=&#8221;112px&#8221;][wgl_custom_text font_size=&#8221;30&#8243; line_height=&#8221;38px&#8221;]\n<h4 style=\"text-align: center;\"><span style=\"color: #fefefe; font-weight: 400;\">Chez DDS Medical<\/span><\/h4>\n[\/wgl_custom_text][wgl_spacing spacer_size=&#8221;10px&#8221;][wgl_custom_text font_size=&#8221;100&#8243; line_height=&#8221;110px&#8221; line_height_desktop=&#8221;90&#8243; line_height_tablet=&#8221;70&#8243; line_height_mobile=&#8221;50&#8243; responsive_font_tablet=&#8221;true&#8221; font_size_tablet=&#8221;60&#8243; responsive_font_desktop=&#8221;true&#8221; font_size_desktop=&#8221;80&#8243; responsive_font_mobile=&#8221;true&#8221; font_size_mobile=&#8221;40&#8243;]\n<h5 style=\"text-align: center;\"><span style=\"color: #fefefe;\">Approvisionnez Vous sans Tarder<\/span><\/h5>\n[\/wgl_custom_text][wgl_spacing spacer_size=&#8221;50px&#8221;][wgl_button button_text=&#8221;Contact Us&#8221; size=&#8221;m&#8221; align=&#8221;center&#8221; icon_type=&#8221;font&#8221; icon_pack=&#8221;flaticon&#8221; icon_position=&#8221;right&#8221; icon_flaticon=&#8221;flaticon-right-arrow&#8221; customize=&#8221;gradient&#8221; text_color=&#8221;#ffffff&#8221; text_color_hover=&#8221;#0c1bae&#8221; bg_gradient_hover_start=&#8221;#ffffff&#8221; bg_gradient_hover_end=&#8221;#ffffff&#8221; border_gradient_hover_start=&#8221;#ffffff&#8221; border_gradient_hover_end=&#8221;#ffffff&#8221; link=&#8221;url:http%3A%2F%2Fddsmedicalsenegal.com%2Fcontacts%2F|title:Contacts||&#8221;][wgl_spacing spacer_size=&#8221;100px&#8221;][\/vc_column_inner][\/vc_row_inner][\/vc_column][\/vc_row]\n<\/section>","protected":false},"excerpt":{"rendered":"<p>[vc_row content_placement=&#8221;middle&#8221; add_extended=&#8221;true&#8221; values=&#8221;%5B%7B%22extended_animation%22%3A%22parallax%22%2C%22figure_color%22%3A%22%23ffffff%22%2C%22drop_colors%22%3A%22one_color%22%2C%22part_color%22%3A%22%23ff7e00%22%2C%22part_color_1%22%3A%22%23ff7e00%22%2C%22part_color_2%22%3A%22%233224e9%22%2C%22part_color_3%22%3A%22%2369e9f2%22%2C%22extended_animation_pos_vertical%22%3A%2250%22%2C%22extended_animation_pos_horizont%22%3A%2250%22%2C%22sphere_width%22%3A%22100%22%2C%22particles_number%22%3A%2250%22%2C%22particles_size%22%3A%2210%22%2C%22particles_speed%22%3A%222%22%2C%22hover_anim%22%3A%22grab%22%2C%22image_bg%22%3A%22173%22%2C%22parallax_dir%22%3A%22horizontal%22%2C%22parallax_factor%22%3A%220%22%2C%22morph_style%22%3A%22style_1%22%2C%22morph_speed%22%3A%2210%22%2C%22morph_color%22%3A%22%23f8f7f6%22%2C%22morph_rotation%22%3A%220%22%2C%22particles_position_top%22%3A%220%22%2C%22particles_position_left%22%3A%22-4%22%2C%22particles_width%22%3A%22100%22%2C%22particles_height%22%3A%22100%22%2C%22resp_hide%22%3A%22768%22%7D%5D&#8221; css=&#8221;.vc_custom_1556956254592{margin-top: -15px !important;}&#8221;][vc_column offset=&#8221;vc_col-md-6&#8243; css=&#8221;.vc_custom_1556974923572{padding-top: 0px !important;}&#8221;][wgl_spacing spacer_size=&#8221;45px&#8221;][wgl_double_headings squares_color=&#8221;#f6f6f6&#8243; title_color=&#8221;#232323&#8243; subtitle=&#8221;Nos Services&#8221; add_squares=&#8221;true&#8221; responsive_font=&#8221;true&#8221; font_size_tablet=&#8221;38&#8243; font_size_mobile=&#8221;34&#8243;]Notre Particularit\u00e9[\/wgl_double_headings][\/vc_column][vc_column offset=&#8221;vc_col-md-offset-0 vc_col-md-6&#8243;][wgl_spacing spacer_size=&#8221;55px&#8221; screen_desktops=&#8221;991&#8243; responsive_desktop=&#8221;true&#8221; size_desktops=&#8221;15&#8243;][vc_column_text]La qualit\u00e9 de nos produits fait de nous une r\u00e9f\u00e9rence dans le march\u00e9.[\/vc_column_text][\/vc_column][vc_column][wgl_spacing spacer_size=&#8221;49px&#8221;][\/vc_column][\/vc_row][vc_row content_placement=&#8221;middle&#8221;][vc_column width=&#8221;1\/2&#8243; offset=&#8221;vc_col-md-4&#8243;][wgl_services service_anim=&#8221;back_slide&#8221; front_frame_color=&#8221;#e6e6e6&#8243; front_icon_type=&#8221;font&#8221; front_icon_font_type=&#8221;type_flaticon&#8221; icon_flaticon=&#8221;flaticon-quality&#8221; front_icon_color=&#8221;#1128b8&#8243; front_title_color=&#8221;#232323&#8243; front_descr_color=&#8221;#616161&#8243; back_bg_style=&#8221;back_image&#8221; front_title=&#8221;QUALITE&#8221;][wgl_spacing spacer_size=&#8221;30px&#8221;][\/vc_column][vc_column width=&#8221;1\/2&#8243; [&hellip;]<\/p>\n","protected":false},"author":1,"featured_media":0,"parent":0,"menu_order":0,"comment_status":"closed","ping_status":"closed","template":"","meta":[],"yoast_head":"<!-- This site is optimized with the Yoast SEO plugin v19.14 - https:\/\/yoast.com\/wordpress\/plugins\/seo\/ -->\n<title>Services - DDS Medical<\/title>\n<meta name=\"robots\" content=\"index, follow, max-snippet:-1, max-image-preview:large, max-video-preview:-1\" \/>\n<link rel=\"canonical\" href=\"https:\/\/ddsmedicalsenegal.com\/index.php\/services\/\" \/>\n<meta property=\"og:locale\" content=\"fr_FR\" \/>\n<meta property=\"og:type\" content=\"article\" \/>\n<meta property=\"og:title\" content=\"Services - DDS Medical\" \/>\n<meta property=\"og:description\" content=\"[vc_row content_placement=&#8221;middle&#8221; add_extended=&#8221;true&#8221; values=&#8221;%5B%7B%22extended_animation%22%3A%22parallax%22%2C%22figure_color%22%3A%22%23ffffff%22%2C%22drop_colors%22%3A%22one_color%22%2C%22part_color%22%3A%22%23ff7e00%22%2C%22part_color_1%22%3A%22%23ff7e00%22%2C%22part_color_2%22%3A%22%233224e9%22%2C%22part_color_3%22%3A%22%2369e9f2%22%2C%22extended_animation_pos_vertical%22%3A%2250%22%2C%22extended_animation_pos_horizont%22%3A%2250%22%2C%22sphere_width%22%3A%22100%22%2C%22particles_number%22%3A%2250%22%2C%22particles_size%22%3A%2210%22%2C%22particles_speed%22%3A%222%22%2C%22hover_anim%22%3A%22grab%22%2C%22image_bg%22%3A%22173%22%2C%22parallax_dir%22%3A%22horizontal%22%2C%22parallax_factor%22%3A%220%22%2C%22morph_style%22%3A%22style_1%22%2C%22morph_speed%22%3A%2210%22%2C%22morph_color%22%3A%22%23f8f7f6%22%2C%22morph_rotation%22%3A%220%22%2C%22particles_position_top%22%3A%220%22%2C%22particles_position_left%22%3A%22-4%22%2C%22particles_width%22%3A%22100%22%2C%22particles_height%22%3A%22100%22%2C%22resp_hide%22%3A%22768%22%7D%5D&#8221; css=&#8221;.vc_custom_1556956254592{margin-top: -15px !important;}&#8221;][vc_column offset=&#8221;vc_col-md-6&#8243; css=&#8221;.vc_custom_1556974923572{padding-top: 0px !important;}&#8221;][wgl_spacing spacer_size=&#8221;45px&#8221;][wgl_double_headings squares_color=&#8221;#f6f6f6&#8243; title_color=&#8221;#232323&#8243; subtitle=&#8221;Nos Services&#8221; add_squares=&#8221;true&#8221; responsive_font=&#8221;true&#8221; font_size_tablet=&#8221;38&#8243; font_size_mobile=&#8221;34&#8243;]Notre Particularit\u00e9[\/wgl_double_headings][\/vc_column][vc_column offset=&#8221;vc_col-md-offset-0 vc_col-md-6&#8243;][wgl_spacing spacer_size=&#8221;55px&#8221; screen_desktops=&#8221;991&#8243; responsive_desktop=&#8221;true&#8221; size_desktops=&#8221;15&#8243;][vc_column_text]La qualit\u00e9 de nos produits fait de nous une r\u00e9f\u00e9rence dans le march\u00e9.[\/vc_column_text][\/vc_column][vc_column][wgl_spacing spacer_size=&#8221;49px&#8221;][\/vc_column][\/vc_row][vc_row content_placement=&#8221;middle&#8221;][vc_column width=&#8221;1\/2&#8243; offset=&#8221;vc_col-md-4&#8243;][wgl_services service_anim=&#8221;back_slide&#8221; front_frame_color=&#8221;#e6e6e6&#8243; front_icon_type=&#8221;font&#8221; front_icon_font_type=&#8221;type_flaticon&#8221; icon_flaticon=&#8221;flaticon-quality&#8221; front_icon_color=&#8221;#1128b8&#8243; front_title_color=&#8221;#232323&#8243; front_descr_color=&#8221;#616161&#8243; back_bg_style=&#8221;back_image&#8221; front_title=&#8221;QUALITE&#8221;][wgl_spacing spacer_size=&#8221;30px&#8221;][\/vc_column][vc_column width=&#8221;1\/2&#8243; [&hellip;]\" \/>\n<meta property=\"og:url\" content=\"https:\/\/ddsmedicalsenegal.com\/index.php\/services\/\" \/>\n<meta property=\"og:site_name\" content=\"DDS Medical\" \/>\n<meta property=\"article:publisher\" content=\"https:\/\/www.facebook.com\/profile.php?id=100054426762192\" \/>\n<meta property=\"article:modified_time\" content=\"2023-01-31T13:20:44+00:00\" \/>\n<meta name=\"twitter:card\" content=\"summary_large_image\" \/>\n<meta name=\"twitter:label1\" content=\"Dur\u00e9e de lecture estim\u00e9e\" \/>\n\t<meta name=\"twitter:data1\" content=\"1 minute\" \/>\n<script type=\"application\/ld+json\" class=\"yoast-schema-graph\">{\"@context\":\"https:\/\/schema.org\",\"@graph\":[{\"@type\":\"WebPage\",\"@id\":\"https:\/\/ddsmedicalsenegal.com\/index.php\/services\/\",\"url\":\"https:\/\/ddsmedicalsenegal.com\/index.php\/services\/\",\"name\":\"Services - DDS Medical\",\"isPartOf\":{\"@id\":\"https:\/\/ddsmedicalsenegal.com\/#website\"},\"datePublished\":\"2019-05-04T07:37:34+00:00\",\"dateModified\":\"2023-01-31T13:20:44+00:00\",\"breadcrumb\":{\"@id\":\"https:\/\/ddsmedicalsenegal.com\/index.php\/services\/#breadcrumb\"},\"inLanguage\":\"fr-FR\",\"potentialAction\":[{\"@type\":\"ReadAction\",\"target\":[\"https:\/\/ddsmedicalsenegal.com\/index.php\/services\/\"]}]},{\"@type\":\"BreadcrumbList\",\"@id\":\"https:\/\/ddsmedicalsenegal.com\/index.php\/services\/#breadcrumb\",\"itemListElement\":[{\"@type\":\"ListItem\",\"position\":1,\"name\":\"Accueil\",\"item\":\"https:\/\/ddsmedicalsenegal.com\/\"},{\"@type\":\"ListItem\",\"position\":2,\"name\":\"Services\"}]},{\"@type\":\"WebSite\",\"@id\":\"https:\/\/ddsmedicalsenegal.com\/#website\",\"url\":\"https:\/\/ddsmedicalsenegal.com\/\",\"name\":\"DDS Medical Senegal\",\"description\":\"Commandez vos consommables et mat\u00e9riels m\u00e9dicaux\",\"publisher\":{\"@id\":\"https:\/\/ddsmedicalsenegal.com\/#organization\"},\"potentialAction\":[{\"@type\":\"SearchAction\",\"target\":{\"@type\":\"EntryPoint\",\"urlTemplate\":\"https:\/\/ddsmedicalsenegal.com\/?s={search_term_string}\"},\"query-input\":\"required name=search_term_string\"}],\"inLanguage\":\"fr-FR\"},{\"@type\":\"Organization\",\"@id\":\"https:\/\/ddsmedicalsenegal.com\/#organization\",\"name\":\"DDS Medical Senegal\",\"url\":\"https:\/\/ddsmedicalsenegal.com\/\",\"logo\":{\"@type\":\"ImageObject\",\"inLanguage\":\"fr-FR\",\"@id\":\"https:\/\/ddsmedicalsenegal.com\/#\/schema\/logo\/image\/\",\"url\":\"https:\/\/ddsmedicalsenegal.com\/wp-content\/uploads\/2022\/12\/162033069_241341131023444_6499886760236985806_n.jpeg\",\"contentUrl\":\"https:\/\/ddsmedicalsenegal.com\/wp-content\/uploads\/2022\/12\/162033069_241341131023444_6499886760236985806_n.jpeg\",\"width\":1076,\"height\":236,\"caption\":\"DDS Medical Senegal\"},\"image\":{\"@id\":\"https:\/\/ddsmedicalsenegal.com\/#\/schema\/logo\/image\/\"},\"sameAs\":[\"https:\/\/www.facebook.com\/profile.php?id=100054426762192\"]}]}<\/script>\n<!-- \/ Yoast SEO plugin. -->","yoast_head_json":{"title":"Services - DDS Medical","robots":{"index":"index","follow":"follow","max-snippet":"max-snippet:-1","max-image-preview":"max-image-preview:large","max-video-preview":"max-video-preview:-1"},"canonical":"https:\/\/ddsmedicalsenegal.com\/index.php\/services\/","og_locale":"fr_FR","og_type":"article","og_title":"Services - DDS Medical","og_description":"[vc_row content_placement=&#8221;middle&#8221; add_extended=&#8221;true&#8221; values=&#8221;%5B%7B%22extended_animation%22%3A%22parallax%22%2C%22figure_color%22%3A%22%23ffffff%22%2C%22drop_colors%22%3A%22one_color%22%2C%22part_color%22%3A%22%23ff7e00%22%2C%22part_color_1%22%3A%22%23ff7e00%22%2C%22part_color_2%22%3A%22%233224e9%22%2C%22part_color_3%22%3A%22%2369e9f2%22%2C%22extended_animation_pos_vertical%22%3A%2250%22%2C%22extended_animation_pos_horizont%22%3A%2250%22%2C%22sphere_width%22%3A%22100%22%2C%22particles_number%22%3A%2250%22%2C%22particles_size%22%3A%2210%22%2C%22particles_speed%22%3A%222%22%2C%22hover_anim%22%3A%22grab%22%2C%22image_bg%22%3A%22173%22%2C%22parallax_dir%22%3A%22horizontal%22%2C%22parallax_factor%22%3A%220%22%2C%22morph_style%22%3A%22style_1%22%2C%22morph_speed%22%3A%2210%22%2C%22morph_color%22%3A%22%23f8f7f6%22%2C%22morph_rotation%22%3A%220%22%2C%22particles_position_top%22%3A%220%22%2C%22particles_position_left%22%3A%22-4%22%2C%22particles_width%22%3A%22100%22%2C%22particles_height%22%3A%22100%22%2C%22resp_hide%22%3A%22768%22%7D%5D&#8221; css=&#8221;.vc_custom_1556956254592{margin-top: -15px !important;}&#8221;][vc_column offset=&#8221;vc_col-md-6&#8243; css=&#8221;.vc_custom_1556974923572{padding-top: 0px !important;}&#8221;][wgl_spacing spacer_size=&#8221;45px&#8221;][wgl_double_headings squares_color=&#8221;#f6f6f6&#8243; title_color=&#8221;#232323&#8243; subtitle=&#8221;Nos Services&#8221; add_squares=&#8221;true&#8221; responsive_font=&#8221;true&#8221; font_size_tablet=&#8221;38&#8243; font_size_mobile=&#8221;34&#8243;]Notre Particularit\u00e9[\/wgl_double_headings][\/vc_column][vc_column offset=&#8221;vc_col-md-offset-0 vc_col-md-6&#8243;][wgl_spacing spacer_size=&#8221;55px&#8221; screen_desktops=&#8221;991&#8243; responsive_desktop=&#8221;true&#8221; size_desktops=&#8221;15&#8243;][vc_column_text]La qualit\u00e9 de nos produits fait de nous une r\u00e9f\u00e9rence dans le march\u00e9.[\/vc_column_text][\/vc_column][vc_column][wgl_spacing spacer_size=&#8221;49px&#8221;][\/vc_column][\/vc_row][vc_row content_placement=&#8221;middle&#8221;][vc_column width=&#8221;1\/2&#8243; offset=&#8221;vc_col-md-4&#8243;][wgl_services service_anim=&#8221;back_slide&#8221; front_frame_color=&#8221;#e6e6e6&#8243; front_icon_type=&#8221;font&#8221; front_icon_font_type=&#8221;type_flaticon&#8221; icon_flaticon=&#8221;flaticon-quality&#8221; front_icon_color=&#8221;#1128b8&#8243; front_title_color=&#8221;#232323&#8243; front_descr_color=&#8221;#616161&#8243; back_bg_style=&#8221;back_image&#8221; front_title=&#8221;QUALITE&#8221;][wgl_spacing spacer_size=&#8221;30px&#8221;][\/vc_column][vc_column width=&#8221;1\/2&#8243; [&hellip;]","og_url":"https:\/\/ddsmedicalsenegal.com\/index.php\/services\/","og_site_name":"DDS Medical","article_publisher":"https:\/\/www.facebook.com\/profile.php?id=100054426762192","article_modified_time":"2023-01-31T13:20:44+00:00","twitter_card":"summary_large_image","twitter_misc":{"Dur\u00e9e de lecture estim\u00e9e":"1 minute"},"schema":{"@context":"https:\/\/schema.org","@graph":[{"@type":"WebPage","@id":"https:\/\/ddsmedicalsenegal.com\/index.php\/services\/","url":"https:\/\/ddsmedicalsenegal.com\/index.php\/services\/","name":"Services - DDS Medical","isPartOf":{"@id":"https:\/\/ddsmedicalsenegal.com\/#website"},"datePublished":"2019-05-04T07:37:34+00:00","dateModified":"2023-01-31T13:20:44+00:00","breadcrumb":{"@id":"https:\/\/ddsmedicalsenegal.com\/index.php\/services\/#breadcrumb"},"inLanguage":"fr-FR","potentialAction":[{"@type":"ReadAction","target":["https:\/\/ddsmedicalsenegal.com\/index.php\/services\/"]}]},{"@type":"BreadcrumbList","@id":"https:\/\/ddsmedicalsenegal.com\/index.php\/services\/#breadcrumb","itemListElement":[{"@type":"ListItem","position":1,"name":"Accueil","item":"https:\/\/ddsmedicalsenegal.com\/"},{"@type":"ListItem","position":2,"name":"Services"}]},{"@type":"WebSite","@id":"https:\/\/ddsmedicalsenegal.com\/#website","url":"https:\/\/ddsmedicalsenegal.com\/","name":"DDS Medical Senegal","description":"Commandez vos consommables et mat\u00e9riels m\u00e9dicaux","publisher":{"@id":"https:\/\/ddsmedicalsenegal.com\/#organization"},"potentialAction":[{"@type":"SearchAction","target":{"@type":"EntryPoint","urlTemplate":"https:\/\/ddsmedicalsenegal.com\/?s={search_term_string}"},"query-input":"required name=search_term_string"}],"inLanguage":"fr-FR"},{"@type":"Organization","@id":"https:\/\/ddsmedicalsenegal.com\/#organization","name":"DDS Medical Senegal","url":"https:\/\/ddsmedicalsenegal.com\/","logo":{"@type":"ImageObject","inLanguage":"fr-FR","@id":"https:\/\/ddsmedicalsenegal.com\/#\/schema\/logo\/image\/","url":"https:\/\/ddsmedicalsenegal.com\/wp-content\/uploads\/2022\/12\/162033069_241341131023444_6499886760236985806_n.jpeg","contentUrl":"https:\/\/ddsmedicalsenegal.com\/wp-content\/uploads\/2022\/12\/162033069_241341131023444_6499886760236985806_n.jpeg","width":1076,"height":236,"caption":"DDS Medical Senegal"},"image":{"@id":"https:\/\/ddsmedicalsenegal.com\/#\/schema\/logo\/image\/"},"sameAs":["https:\/\/www.facebook.com\/profile.php?id=100054426762192"]}]}},"_links":{"self":[{"href":"https:\/\/ddsmedicalsenegal.com\/index.php\/wp-json\/wp\/v2\/pages\/220"}],"collection":[{"href":"https:\/\/ddsmedicalsenegal.com\/index.php\/wp-json\/wp\/v2\/pages"}],"about":[{"href":"https:\/\/ddsmedicalsenegal.com\/index.php\/wp-json\/wp\/v2\/types\/page"}],"author":[{"embeddable":true,"href":"https:\/\/ddsmedicalsenegal.com\/index.php\/wp-json\/wp\/v2\/users\/1"}],"replies":[{"embeddable":true,"href":"https:\/\/ddsmedicalsenegal.com\/index.php\/wp-json\/wp\/v2\/comments?post=220"}],"version-history":[{"count":18,"href":"https:\/\/ddsmedicalsenegal.com\/index.php\/wp-json\/wp\/v2\/pages\/220\/revisions"}],"predecessor-version":[{"id":2386,"href":"https:\/\/ddsmedicalsenegal.com\/index.php\/wp-json\/wp\/v2\/pages\/220\/revisions\/2386"}],"wp:attachment":[{"href":"https:\/\/ddsmedicalsenegal.com\/index.php\/wp-json\/wp\/v2\/media?parent=220"}],"curies":[{"name":"wp","href":"https:\/\/api.w.org\/{rel}","templated":true}]}}